{"id":28,"date":"2024-06-18T13:06:41","date_gmt":"2024-06-18T11:06:41","guid":{"rendered":"http:\/\/jeltolmacs-bekes.hu\/?page_id=28"},"modified":"2026-03-19T14:44:55","modified_gmt":"2026-03-19T13:44:55","slug":"www-jeltolmacs-bekes-hu","status":"publish","type":"page","link":"https:\/\/jeltolmacs-bekes.hu\/","title":{"rendered":"www.jeltolmacs-bekes.hu"},"content":{"rendered":"\n<p><\/p>\n\n\n\n<div class=\"wp-block-group is-nowrap is-layout-flex wp-container-core-group-is-layout-6c531013 wp-block-group-is-layout-flex\">\n<figure class=\"wp-block-image size-full is-resized\"><img loading=\"lazy\" decoding=\"async\" width=\"475\" height=\"545\" src=\"https:\/\/jeltolmacs-bekes.hu\/wp-content\/uploads\/2024\/06\/maltai-1200600-4.png\" alt=\"\" class=\"wp-image-30\" style=\"width:194px;height:auto\" srcset=\"https:\/\/jeltolmacs-bekes.hu\/wp-content\/uploads\/2024\/06\/maltai-1200600-4.png 475w, https:\/\/jeltolmacs-bekes.hu\/wp-content\/uploads\/2024\/06\/maltai-1200600-4-261x300.png 261w\" sizes=\"auto, (max-width: 475px) 100vw, 475px\" \/><\/figure>\n\n\n\n<h2 class=\"wp-block-heading has-text-align-center has-large-font-size\"><strong>MMSZ B\u00c9K\u00c9S V\u00c1RMEGYEI<\/strong><br><strong>JELNYELVI TOLM\u00c1CSSZOLG\u00c1LAT<\/strong><br>Seg\u00edts\u00e9g a mindennapokban<br><br><mark style=\"background-color:rgba(0, 0, 0, 0);color:#f60000\" class=\"has-inline-color\">Magyar M\u00e1ltai Szeretetszolg\u00e1lat Egyes\u00fclet<\/mark><\/h2>\n\n\n\n<figure class=\"wp-block-image size-full is-resized\"><img loading=\"lazy\" decoding=\"async\" width=\"192\" height=\"191\" src=\"https:\/\/jeltolmacs-bekes.hu\/wp-content\/uploads\/2024\/06\/Photoroom-20240610_080754-3.png\" alt=\"\" class=\"wp-image-194\" style=\"width:192px;height:auto\" srcset=\"https:\/\/jeltolmacs-bekes.hu\/wp-content\/uploads\/2024\/06\/Photoroom-20240610_080754-3.png 192w, https:\/\/jeltolmacs-bekes.hu\/wp-content\/uploads\/2024\/06\/Photoroom-20240610_080754-3-150x150.png 150w\" sizes=\"auto, (max-width: 192px) 100vw, 192px\" \/><\/figure>\n<\/div>\n\n\n\n<div class=\"wp-block-buttons alignwide is-content-justification-center is-layout-flex wp-container-core-buttons-is-layout-a89b3969 wp-block-buttons-is-layout-flex\">\n<div class=\"wp-block-button is-style-fill\"><a class=\"wp-block-button__link has-ast-global-color-8-color has-vivid-red-background-color has-text-color has-background has-link-color wp-element-button\" href=\"https:\/\/jeltolmacs-bekes.hu\/?page_id=44&amp;preview=true\" style=\"border-radius:100px;padding-top:var(--wp--preset--spacing--40);padding-right:var(--wp--preset--spacing--40);padding-bottom:var(--wp--preset--spacing--40);padding-left:var(--wp--preset--spacing--40)\"><strong><mark style=\"background-color:rgba(0, 0, 0, 0)\" class=\"has-inline-color has-ast-global-color-5-color\">Szolg\u00e1ltat\u00e1sok<\/mark><\/strong><\/a><\/div>\n\n\n\n<div class=\"wp-block-button is-style-fill\"><a class=\"wp-block-button__link has-vivid-red-background-color has-background wp-element-button\" href=\"https:\/\/jeltolmacs-bekes.hu\/?page_id=52&amp;preview=true\" style=\"border-style:none;border-width:0px;border-radius:100px;padding-top:var(--wp--preset--spacing--40);padding-right:var(--wp--preset--spacing--40);padding-bottom:var(--wp--preset--spacing--40);padding-left:var(--wp--preset--spacing--40)\"><mark style=\"background-color:rgba(0, 0, 0, 0)\" class=\"has-inline-color has-ast-global-color-5-color\">Megrendel\u00e9s<\/mark><\/a><\/div>\n\n\n\n<div class=\"wp-block-button is-style-fill\"><a class=\"wp-block-button__link has-vivid-red-background-color has-background wp-element-button\" href=\"https:\/\/jeltolmacs-bekes.hu\/?page_id=54&amp;preview=true\" style=\"border-style:none;border-width:0px;border-radius:100px;padding-top:var(--wp--preset--spacing--40);padding-right:var(--wp--preset--spacing--40);padding-bottom:var(--wp--preset--spacing--40);padding-left:var(--wp--preset--spacing--40)\"><mark style=\"background-color:rgba(0, 0, 0, 0)\" class=\"has-inline-color has-ast-global-color-5-color\">Szolg\u00e1ltat\u00e1si rend<\/mark><\/a><\/div>\n\n\n\n<div class=\"wp-block-button\"><a class=\"wp-block-button__link has-vivid-red-background-color has-background wp-element-button\" href=\"https:\/\/jeltolmacs-bekes.hu\/?page_id=56&amp;preview=true\"><mark style=\"background-color:rgba(0, 0, 0, 0)\" class=\"has-inline-color has-ast-global-color-5-color\">Munkat\u00e1rsaink<\/mark><\/a><\/div>\n\n\n\n<div class=\"wp-block-button\"><a class=\"wp-block-button__link has-vivid-red-background-color has-background wp-element-button\" href=\"https:\/\/jeltolmacs-bekes.hu\/?page_id=58&amp;preview=true\" style=\"padding-top:var(--wp--preset--spacing--40);padding-bottom:var(--wp--preset--spacing--40)\"><mark style=\"background-color:rgba(0, 0, 0, 0)\" class=\"has-inline-color has-ast-global-color-5-color\">El\u00e9rhet\u0151s\u00e9g<\/mark><\/a><\/div>\n<\/div>\n\n\n\n<p class=\"has-text-align-center has-vivid-red-color has-text-color has-link-color has-medium-font-size wp-elements-2bd6c199d60e06db7fddb470296ee776\"><\/p>\n\n\n\n<p class=\"has-text-align-center has-vivid-red-color has-text-color has-link-color wp-elements-2e2f705f32dd431750dddaddbaa84881\"><strong>A HONLAPON A SZ\u00d6VEG KIJEL\u00d6L\u00c9SSEL MEGHALLGATHAT\u00d3!<\/strong><\/p>\n\n\n\n<p class=\"has-ast-global-color-2-color has-text-color has-link-color has-medium-font-size wp-elements-f45508ef38e4f4a3301efe0e05f20fb9\" style=\"padding-top:var(--wp--preset--spacing--50);padding-bottom:var(--wp--preset--spacing--50)\">2024. j\u00falius 1-t\u0151l a Magyar M\u00e1ltai Szeretetszolg\u00e1lat Egyes\u00fclet m\u0171k\u00f6dteti a jelnyelvi tolm\u00e1csszolg\u00e1latot B\u00e9k\u00e9s v\u00e1rmegy\u00e9ben, ahol elhivatott jelnyelvi tolm\u00e1cs munkat\u00e1rsak a megszokott magas sz\u00ednvonal\u00fa szolg\u00e1ltat\u00e1st biztos\u00edtva v\u00e1rj\u00e1k kedves \u00fcgyfeleiket.<\/p>\n\n\n\n<p class=\"has-vivid-red-color has-text-color has-link-color wp-elements-628666ed0382f7a51239d10914d78b9b\">Kedves \u00dcgyfelek!<\/p>\n\n\n\n<p class=\"has-vivid-red-color has-text-color has-link-color wp-elements-9671b8b58b274fa6a18b23a35555c384\">Szeretn\u00e9nk \u00e9rtes\u00edteni benneteket hogy 2026. m\u00e1rcius 24-\u00e9n szem\u00e9lyes \u00fcgyf\u00e9lfogad\u00e1sunkat 13:00-15:00 \u00f3ra k\u00f6z\u00f6tt tartjuk.<br>Meg\u00e9rt\u00e9seteket k\u00f6sz\u00f6nj\u00fck!<\/p>\n\n\n\n<p class=\"has-vivid-red-color has-text-color has-link-color wp-elements-4f87b773554dce90df3db3434ba46e5a\">Tolm\u00e1csszolg\u00e1lat munkat\u00e1rsai<\/p>\n\n\n\n<p class=\"has-vivid-red-color has-text-color has-link-color wp-elements-c9365267f914bd71ea50e5e539e3962b\"><\/p>\n\n\n\n<p><\/p>\n\n\n\n<p class=\"has-vivid-red-color has-text-color has-link-color wp-elements-c9365267f914bd71ea50e5e539e3962b\"><\/p>\n\n\n\n<div class=\"wp-block-group is-horizontal is-content-justification-left is-nowrap is-layout-flex wp-container-core-group-is-layout-612007b9 wp-block-group-is-layout-flex\" style=\"padding-right:0;padding-left:0\">\n<p class=\"has-ast-global-color-2-color has-text-color has-link-color has-medium-font-size wp-elements-dffd09aaf7553094111b4c6d8d1bd657 wp-container-content-9cfa9a5a\"><strong>\u00dcgyf\u00e9lfogad\u00e1s helysz\u00edne:<\/strong><br>5600 B\u00e9k\u00e9scsaba P\u00e1tkai u. 5. fszt. 2. <mark style=\"background-color:rgba(0, 0, 0, 0)\" class=\"has-inline-color has-ast-global-color-5-color\">&#8230;&#8230;&#8230;&#8230;&#8230;&#8230;&#8230;&#8230;&#8230;&#8230;&#8230;&#8230;&#8230;&#8230;&#8230;&#8230;&#8230;&#8230;&#8230;&#8230;&#8230;&#8230;&#8230;&#8230;&#8230;&#8230;&#8230;&#8230;&#8230;&#8230;&#8230;&#8230;..<\/mark><br><strong>\u00dcgyf\u00e9lfogad\u00e1si id\u0151:<\/strong><br><br>H\u00e9tf\u0151: <mark style=\"background-color:rgba(0, 0, 0, 0)\" class=\"has-inline-color has-ast-global-color-5-color\">&#8230;&#8230;&#8230;&#8230;&#8230;&#8230;<\/mark><mark style=\"background-color:rgba(0, 0, 0, 0)\" class=\"has-inline-color has-ast-global-color-4-color\">.<\/mark>Z\u00e1rva<br>Kedd:<mark style=\"background-color:rgba(0, 0, 0, 0)\" class=\"has-inline-color has-ast-global-color-5-color\">&#8230;&#8230;&#8230;&#8230;&#8230;&#8230;.<\/mark> 11:00-15:00 \u00f3r\u00e1ig<br>Szerda:<mark style=\"background-color:rgba(0, 0, 0, 0)\" class=\"has-inline-color has-ast-global-color-5-color\">&#8230;&#8230;&#8230;&#8230;&#8230;..<\/mark>8:30-12:30 \u00f3r\u00e1ig<br>Cs\u00fct\u00f6rt\u00f6k:<mark style=\"background-color:rgba(0, 0, 0, 0)\" class=\"has-inline-color has-ast-global-color-5-color\">&#8230;&#8230;&#8230;&#8230;.<\/mark>11:00-15:00 \u00f3r\u00e1ig<br>P\u00e9ntek:<mark style=\"background-color:rgba(0, 0, 0, 0)\" class=\"has-inline-color has-ast-global-color-5-color\">&#8230;&#8230;&#8230;&#8230;&#8230;&#8230;<\/mark>Z\u00e1rva<br><br><\/p>\n\n\n\n<figure class=\"wp-block-image size-large is-resized\"><img loading=\"lazy\" decoding=\"async\" width=\"1024\" height=\"768\" src=\"https:\/\/jeltolmacs-bekes.hu\/wp-content\/uploads\/2024\/06\/20240627_100427-1024x768.jpg\" alt=\"\" class=\"wp-image-332\" style=\"width:619px;height:auto\" srcset=\"https:\/\/jeltolmacs-bekes.hu\/wp-content\/uploads\/2024\/06\/20240627_100427-1024x768.jpg 1024w, https:\/\/jeltolmacs-bekes.hu\/wp-content\/uploads\/2024\/06\/20240627_100427-300x225.jpg 300w, https:\/\/jeltolmacs-bekes.hu\/wp-content\/uploads\/2024\/06\/20240627_100427-768x576.jpg 768w, https:\/\/jeltolmacs-bekes.hu\/wp-content\/uploads\/2024\/06\/20240627_100427-1536x1152.jpg 1536w, https:\/\/jeltolmacs-bekes.hu\/wp-content\/uploads\/2024\/06\/20240627_100427-2048x1536.jpg 2048w\" sizes=\"auto, (max-width: 1024px) 100vw, 1024px\" \/><\/figure>\n<\/div>\n\n\n\n<p class=\"has-medium-font-size\"><mark style=\"background-color:rgba(0, 0, 0, 0)\" class=\"has-inline-color has-ast-global-color-2-color\">\u00dcgyf\u00e9lfogad\u00e1si id\u0151n k\u00edv\u00fcl, el\u0151re egyeztetett id\u0151pontban is el\u00e9rhet\u0151ek szolg\u00e1ltat\u00e1saink az al\u00e1bbiak szerint:<\/mark><\/p>\n\n\n\n<ul class=\"wp-block-list has-ast-global-color-2-color has-text-color has-link-color wp-elements-22fc4406085d2fab99dacb0bf3e0f670\">\n<li class=\"has-medium-font-size\"><mark style=\"background-color:rgba(0, 0, 0, 0)\" class=\"has-inline-color has-ast-global-color-2-color\">Munkanapokon 18 \u00e9s 8 \u00f3ra k\u00f6z\u00f6tt, valamint szombaton, vas\u00e1rnap vagy munkasz\u00fcneti napokon a szolg\u00e1lat<br>kiz\u00e1r\u00f3lag s\u00fcrg\u0151s megrendel\u00e9seket teljes\u00edt 2 \u00f3r\u00e1n bel\u00fcl.<\/mark><\/li>\n\n\n\n<li class=\"has-medium-font-size\"><mark style=\"background-color:rgba(0, 0, 0, 0)\" class=\"has-inline-color has-ast-global-color-2-color\">H\u00e9tv\u00e9g\u00e9n ledolgozand\u00f3 munkanap eset\u00e9n szombati munkanapon 8.00-12.00 \u00f3ra k\u00f6z\u00f6tt tart a szolg\u00e1lat online \u00fcgyf\u00e9lfogad\u00e1st.<\/mark><\/li>\n<\/ul>\n\n\n\n<p class=\"has-ast-global-color-2-color has-text-color has-link-color has-medium-font-size wp-elements-b8c1367a61d01119dcdd3b1c1996c736\"><strong><mark style=\"background-color:rgba(0, 0, 0, 0)\" class=\"has-inline-color has-ast-global-color-8-color\">A tolm\u00e1csszolg\u00e1lat 24 \u00f3r\u00e1ban, h\u00e9tv\u00e9g\u00e9n \u00e9s \u00fcnnepnap is el\u00e9rhet\u0151 (SMS is) telefonsz\u00e1ma:<\/mark><\/strong><\/p>\n\n\n\n<p class=\"has-text-align-center has-ast-global-color-2-color has-text-color has-link-color has-large-font-size wp-elements-7d0357ef3b06eb53c25a09f4f2a252e2\"><strong> <mark style=\"background-color:rgba(0, 0, 0, 0);color:#fb0505\" class=\"has-inline-color\">06-30-627-2935<\/mark><\/strong><\/p>\n\n\n\n<p class=\"has-medium-font-size\"><mark style=\"background-color:rgba(0, 0, 0, 0)\" class=\"has-inline-color has-ast-global-color-8-color\"><strong>Hasznos linkek:<\/strong><br>B\u00e1cs-Kiskun v\u00e1rmegyei jelnyelvi tolm\u00e1csszolg\u00e1lat:<\/mark><br><a href=\"http:\/\/www.tolmacsszolgalat-bacs-kiskun.hu\" data-type=\"link\" data-id=\"www.tolmacsszolgalat-bacs-kiskun.hu\">www.tolmacsszolgalat-bacs-kiskun.hu<\/a><br><mark style=\"background-color:rgba(0, 0, 0, 0)\" class=\"has-inline-color has-ast-global-color-8-color\">Csongr\u00e1d-Csan\u00e1d v\u00e1rmegyei jelnyelvi tolm\u00e1csszolg\u00e1lat:<\/mark><br><a href=\"http:\/\/www.tolmacsszolgalat-csongrad.hu\" data-type=\"link\" data-id=\"www.tolmacsszolgalat-csongrad.hu\">www.tolmacsszolgalat-csongrad.hu<\/a><br><mark style=\"background-color:rgba(0, 0, 0, 0)\" class=\"has-inline-color has-ast-global-color-8-color\">Magyar M\u00e1ltai Szeretetszolg\u00e1lat Egyes\u00fclet:<\/mark> <a href=\"http:\/\/www.maltai.hu\" data-type=\"link\" data-id=\"www.maltai.hu\">www.maltai.hu<\/a><br><mark style=\"background-color:rgba(0, 0, 0, 0)\" class=\"has-inline-color has-ast-global-color-8-color\">Siketek \u00e9s Nagyothall\u00f3k Orsz\u00e1gos Sz\u00f6vets\u00e9ge:<\/mark> <a href=\"http:\/\/www.sinosz.hu\" data-type=\"link\" data-id=\"www.sinosz.hu\">www.sinosz.hu<\/a><\/p>\n\n\n\n<p class=\"has-medium-font-size\"><mark style=\"background-color:rgba(0, 0, 0, 0)\" class=\"has-inline-color has-ast-global-color-8-color\"><strong>T\u00e1mogat\u00f3ink:<\/strong><br>Slachta Margit Nemzeti Szoci\u00e1lpolitikai Int\u00e9zet<\/mark><\/p>\n\n\n\n<figure class=\"wp-block-image aligncenter size-large is-resized\"><img loading=\"lazy\" decoding=\"async\" width=\"1024\" height=\"403\" src=\"https:\/\/jeltolmacs-bekes.hu\/wp-content\/uploads\/2024\/06\/Photoroom-20240607_202519-3-1024x403.png\" alt=\"\" class=\"wp-image-99\" style=\"width:785px;height:auto\" srcset=\"https:\/\/jeltolmacs-bekes.hu\/wp-content\/uploads\/2024\/06\/Photoroom-20240607_202519-3-1024x403.png 1024w, https:\/\/jeltolmacs-bekes.hu\/wp-content\/uploads\/2024\/06\/Photoroom-20240607_202519-3-300x118.png 300w, https:\/\/jeltolmacs-bekes.hu\/wp-content\/uploads\/2024\/06\/Photoroom-20240607_202519-3-768x302.png 768w, https:\/\/jeltolmacs-bekes.hu\/wp-content\/uploads\/2024\/06\/Photoroom-20240607_202519-3.png 1060w\" sizes=\"auto, (max-width: 1024px) 100vw, 1024px\" \/><\/figure>\n","protected":false},"excerpt":{"rendered":"<p>MMSZ B\u00c9K\u00c9S V\u00c1RMEGYEIJELNYELVI TOLM\u00c1CSSZOLG\u00c1LATSeg\u00edts\u00e9g a mindennapokban Magyar M\u00e1ltai Szeretetszolg\u00e1lat Egyes\u00fclet A HONLAPON A SZ\u00d6VEG KIJEL\u00d6L\u00c9SSEL MEGHALLGATHAT\u00d3! 2024. j\u00falius 1-t\u0151l a [&hellip;]<\/p>\n","protected":false},"author":1,"featured_media":0,"parent":0,"menu_order":0,"comment_status":"closed","ping_status":"closed","template":"","meta":{"site-sidebar-layout":"default","site-content-layout":"","ast-site-content-layout":"","site-content-style":"default","site-sidebar-style":"default","ast-global-header-display":"","ast-banner-title-visibility":"","ast-main-header-display":"","ast-hfb-above-header-display":"","ast-hfb-below-header-display":"","ast-hfb-mobile-header-display":"","site-post-title":"disabled","ast-breadcrumbs-content":"","ast-featured-img":"","footer-sml-layout":"","theme-transparent-header-meta":"","adv-header-id-meta":"","stick-header-meta":"","header-above-stick-meta":"","header-main-stick-meta":"","header-below-stick-meta":"","astra-migrate-meta-layouts":"default","ast-page-background-enabled":"default","ast-page-background-meta":{"desktop":{"background-color":"var(--ast-global-color-4)","background-image":"","background-repeat":"repeat","background-position":"center center","background-size":"auto","background-attachment":"scroll","background-type":"","background-media":"","overlay-type":"","overlay-color":"","overlay-opacity":"","overlay-gradient":""},"tablet":{"background-color":"","background-image":"","background-repeat":"repeat","background-position":"center center","background-size":"auto","background-attachment":"scroll","background-type":"","background-media":"","overlay-type":"","overlay-color":"","overlay-opacity":"","overlay-gradient":""},"mobile":{"background-color":"","background-image":"","background-repeat":"repeat","background-position":"center center","background-size":"auto","background-attachment":"scroll","background-type":"","background-media":"","overlay-type":"","overlay-color":"","overlay-opacity":"","overlay-gradient":""}},"ast-content-background-meta":{"desktop":{"background-color":"var(--ast-global-color-5)","background-image":"","background-repeat":"repeat","background-position":"center center","background-size":"auto","background-attachment":"scroll","background-type":"","background-media":"","overlay-type":"","overlay-color":"","overlay-opacity":"","overlay-gradient":""},"tablet":{"background-color":"var(--ast-global-color-5)","background-image":"","background-repeat":"repeat","background-position":"center center","background-size":"auto","background-attachment":"scroll","background-type":"","background-media":"","overlay-type":"","overlay-color":"","overlay-opacity":"","overlay-gradient":""},"mobile":{"background-color":"var(--ast-global-color-5)","background-image":"","background-repeat":"repeat","background-position":"center center","background-size":"auto","background-attachment":"scroll","background-type":"","background-media":"","overlay-type":"","overlay-color":"","overlay-opacity":"","overlay-gradient":""}},"footnotes":""},"class_list":["post-28","page","type-page","status-publish","hentry"],"_links":{"self":[{"href":"https:\/\/jeltolmacs-bekes.hu\/index.php?rest_route=\/wp\/v2\/pages\/28","targetHints":{"allow":["GET"]}}],"collection":[{"href":"https:\/\/jeltolmacs-bekes.hu\/index.php?rest_route=\/wp\/v2\/pages"}],"about":[{"href":"https:\/\/jeltolmacs-bekes.hu\/index.php?rest_route=\/wp\/v2\/types\/page"}],"author":[{"embeddable":true,"href":"https:\/\/jeltolmacs-bekes.hu\/index.php?rest_route=\/wp\/v2\/users\/1"}],"replies":[{"embeddable":true,"href":"https:\/\/jeltolmacs-bekes.hu\/index.php?rest_route=%2Fwp%2Fv2%2Fcomments&post=28"}],"version-history":[{"count":109,"href":"https:\/\/jeltolmacs-bekes.hu\/index.php?rest_route=\/wp\/v2\/pages\/28\/revisions"}],"predecessor-version":[{"id":387,"href":"https:\/\/jeltolmacs-bekes.hu\/index.php?rest_route=\/wp\/v2\/pages\/28\/revisions\/387"}],"wp:attachment":[{"href":"https:\/\/jeltolmacs-bekes.hu\/index.php?rest_route=%2Fwp%2Fv2%2Fmedia&parent=28"}],"curies":[{"name":"wp","href":"https:\/\/api.w.org\/{rel}","templated":true}]}}