{"id":44,"date":"2024-06-18T13:09:34","date_gmt":"2024-06-18T11:09:34","guid":{"rendered":"http:\/\/jeltolmacs-bekes.hu\/?page_id=44"},"modified":"2024-06-18T13:09:34","modified_gmt":"2024-06-18T11:09:34","slug":"szolgaltatasok","status":"publish","type":"page","link":"https:\/\/jeltolmacs-bekes.hu\/?page_id=44","title":{"rendered":"Szolg\u00e1ltat\u00e1sok"},"content":{"rendered":"\n<p class=\"has-ast-global-color-2-color has-text-color has-link-color has-medium-font-size wp-elements-0e3fe913b4f8d57091b3bc5bff15ad3c\"><mark style=\"background-color:rgba(0, 0, 0, 0)\" class=\"has-inline-color has-ast-global-color-8-color\"><strong>INGYENES JELNYELVI TOLM\u00c1CSSZOLG\u00c1LTAT\u00c1S<\/strong><\/mark><\/p>\n\n\n\n<p class=\"has-ast-global-color-2-color has-text-color has-link-color has-medium-font-size wp-elements-387f78197183a73ae0fc68d59008f1fb\"><mark style=\"background-color:rgba(0, 0, 0, 0)\" class=\"has-inline-color has-ast-global-color-8-color\"><br>T\u00e9r\u00edt\u00e9smentes jelnyelvi tolm\u00e1csszolg\u00e1ltat\u00e1st az a magyar \u00e1llampolg\u00e1rs\u00e1ggal,<br>vagy a szabad mozg\u00e1s \u00e9s tart\u00f3zkod\u00e1s jog\u00e1val rendelkez\u0151, valamint bev\u00e1ndorolt<br>\u00e9s letelepedett hall\u00e1ss\u00e9r\u00fclt, illetve siketvak szem\u00e9ly vehet ig\u00e9nybe, aki<br>a) aki\u00a0magasabb \u00f6sszeg\u0171 csal\u00e1di p\u00f3tl\u00e9kban r\u00e9szes\u00fcl,\u00a0 vagy<br>b) aki\u00a0fogyat\u00e9koss\u00e1gi t\u00e1mogat\u00e1sban r\u00e9szes\u00fcl, vagy<br>c) akinek hall\u00e1ss\u00e9r\u00fcl\u00e9se legal\u00e1bb az\u00a0egyik f\u00fcl\u00f6n\u00a0meghaladja a\u00a060 dB-t,\u00a0vagy<br>mindk\u00e9t f\u00fcl\u00f6n a 40 dB-t,\u00a0vagy<br>d) akinek fogyat\u00e9koss\u00e1ga \u2013 a BNO-10-es oszt\u00e1lyoz\u00e1sa szerint \u2013\u00a0egyidej\u0171leg a<br>H54-es \u00e9s a H90-es csoportba tartozik.<\/mark><\/p>\n\n\n\n<p class=\"has-ast-global-color-2-color has-text-color has-link-color has-medium-font-size wp-elements-5c341ee77e66c9111d4a66177d88e12b\"><br><strong><mark style=\"background-color:rgba(0, 0, 0, 0)\" class=\"has-inline-color has-ast-global-color-8-color\">Ingyenes tolm\u00e1csol\u00e1si helyzetek:<\/mark><\/strong><\/p>\n\n\n\n<ol class=\"has-ast-global-color-2-color has-text-color has-link-color wp-block-list wp-elements-feeb7b883cbe99efa7965849deef1070\">\n<li style=\"padding-top:var(--wp--preset--spacing--30);padding-right:0;padding-bottom:var(--wp--preset--spacing--30);padding-left:0\" class=\"has-medium-font-size\"><mark style=\"background-color:rgba(0, 0, 0, 0)\" class=\"has-inline-color has-ast-global-color-2-color\">\u00d6n\u00e1ll\u00f3 \u00e9letvitel t\u00e1mogat\u00e1sa: szem\u00e9lyes \u00fcgyek int\u00e9z\u00e9se, t\u00e1mogat\u00f3<br>szolg\u00e1lat vagy m\u00e1s seg\u00edt\u0151 szolg\u00e1lat felkeres\u00e9se a siket \u00fcgyf\u00e9llel. Irodai<br>esetek: amikor \u00fcgyint\u00e9z\u00e9s t\u00f6rt\u00e9nik, illetve amikor nincs 3. f\u00e9l jelen,<br>hanem a tolm\u00e1cs, diszp\u00e9cser, \u00fcgyint\u00e9z\u0151 kommunik\u00e1l az \u00fcgyf\u00e9llel (Pl.:<br>t\u00e1mogat\u00f3 szolg\u00e1lat, lev\u00e9l\u00edr\u00e1s, telefonos \u00fcgyint\u00e9z\u00e9s, lak\u00e1s \u00fcgyint\u00e9z\u00e9s,<br>lev\u00e9l\u00e9rtelmez\u00e9s, iratok \u00e9rtelmez\u00e9se, jogi \u00fcgyint\u00e9z\u00e9s, id\u0151pont egyeztet\u00e9s,<br>lelki t\u00e1masz, biztos\u00edt\u00e1si \u00fcgyint\u00e9z\u00e9s, sz\u00e1ll\u00e1skeres\u00e9s, tan\u00e1csad\u00e1s EU<br>csatlakoz\u00e1s \u00fcgyben) telefonos tolm\u00e1csol\u00e1s, fax-, lev\u00e9l\u00edr\u00e1s, levelek \u00e9s<br>nyomtatv\u00e1nyok \u00e9rtelmez\u00e9se,- ford\u00edt\u00e1sa, stb.<\/mark><\/li>\n\n\n\n<li style=\"padding-top:var(--wp--preset--spacing--30);padding-bottom:var(--wp--preset--spacing--30)\" class=\"has-medium-font-size\">Egy\u00e9ni ig\u00e9ny: jelnyelvi tolm\u00e1cs ig\u00e9nybev\u00e9tele, szem\u00e9lyes \u00fcgyek<br>int\u00e9z\u00e9s\u00e9hez (olyan helyek \u00e9s alkalmak, ahol saj\u00e1t ig\u00e9nyei, mag\u00e1n\u00fcgyei<br>miatt fordul meg az \u00fcgyf\u00e9l). Pl.: sz\u00fcl\u0151i \u00e9rtekezlet, lak\u00f3gy\u0171l\u00e9s<br>Szolg\u00e1ltat\u00e1sok ig\u00e9nybev\u00e9tel\u00e9hez (k\u00f6z\u00fczemi szolg\u00e1ltat\u00f3kkal kapcsolatos<br>\u00fcgyint\u00e9z\u00e9s, stb.) Szolg\u00e1ltat\u00e1sok megrendel\u00e9se, v\u00e1s\u00e1rl\u00e1sa (mobiltelefon<br>v\u00e1s\u00e1rl\u00e1sa, internet el\u0151fizet\u00e9s, stb.), \u00fczletek, utaz\u00e1si iroda,<br>vacsoramegh\u00edv\u00e1s, nagyk\u00f6vets\u00e9g, l\u00e9git\u00e1rsas\u00e1g irod\u00e1ja stb., esk\u00fcv\u0151i<br>szertart\u00e1s, temet\u00e9s.<\/li>\n\n\n\n<li style=\"padding-top:var(--wp--preset--spacing--30);padding-bottom:var(--wp--preset--spacing--30)\" class=\"has-medium-font-size\">B\u00fcntet\u0151elj\u00e1r\u00e1s: igazs\u00e1g\u00fcgyi szervek \u00e9s az ezekkel kapcsolatos \u00fcgyek:<br>b\u00edr\u00f3s\u00e1g, \u00fcgy\u00e9szs\u00e9g, rend\u0151rs\u00e9g amennyiben az elj\u00e1r\u00e1s v\u00e1dlott, vesztes<br>\u00fcgyfele, \u00e9s a perk\u00f6lts\u00e9gek fizet\u00e9s\u00e9re k\u00f6telezett f\u00e9l, a siket\/nagyothall\u00f3<br>\u00fcgyf\u00e9l.<\/li>\n\n\n\n<li style=\"padding-top:var(--wp--preset--spacing--30);padding-bottom:var(--wp--preset--spacing--30)\" class=\"has-medium-font-size\">Polg\u00e1ri peres elj\u00e1r\u00e1s: igazs\u00e1g\u00fcgyi szervek \u00e9s az ezekkel kapcsolatos<br>\u00fcgyek: b\u00edr\u00f3s\u00e1g, \u00fcgy\u00e9szs\u00e9g amennyiben az elj\u00e1r\u00e1s v\u00e1dlott, vesztes \u00fcgyfele,<br>\u00e9s a perk\u00f6lts\u00e9gek fizet\u00e9s\u00e9re k\u00f6telezett f\u00e9l, a siket\/nagyothall\u00f3 \u00fcgyf\u00e9l.<\/li>\n\n\n\n<li style=\"padding-top:var(--wp--preset--spacing--30);padding-bottom:var(--wp--preset--spacing--30)\" class=\"has-medium-font-size\">Szab\u00e1lys\u00e9rt\u00e9si \u00fcgy: igazs\u00e1g\u00fcgyi szervek \u00e9s az ezekkel kapcsolatos \u00fcgyek:<br>b\u00edr\u00f3s\u00e1g, \u00fcgy\u00e9szs\u00e9g, rend\u0151rs\u00e9g amennyiben az elj\u00e1r\u00e1s v\u00e1dlott, vesztes<br>\u00fcgyfele, \u00e9s a perk\u00f6lts\u00e9gek fizet\u00e9s\u00e9re k\u00f6telezett f\u00e9l, a siket\/nagyothall\u00f3<br>\u00fcgyf\u00e9l.<\/li>\n\n\n\n<li class=\"has-medium-font-size\">\u00dcgy\u00e9szs\u00e9gi elj\u00e1r\u00e1s: (k\u00fcl\u00f6n t\u00e9r\u00edt\u00e9ses \u00e9s t\u00e1mogatott)<\/li>\n\n\n\n<li style=\"padding-top:var(--wp--preset--spacing--30);padding-bottom:var(--wp--preset--spacing--30)\" class=\"has-medium-font-size\">Munka\u00fcgyi b\u00edr\u00f3s\u00e1gi elj\u00e1r\u00e1s: (k\u00fcl\u00f6n t\u00e9r\u00edt\u00e9ses \u00e9s t\u00e1mogatott)<\/li>\n\n\n\n<li style=\"padding-top:var(--wp--preset--spacing--30);padding-bottom:var(--wp--preset--spacing--30)\" class=\"has-medium-font-size\">K\u00f6zigazgat\u00e1si hat\u00f3s\u00e1gi elj\u00e1r\u00e1s: \u00e1llamigazgat\u00e1si szervek, miniszt\u00e9riumok<br>(minden ter\u00fcletileg illet\u00e9kes, illetve feladatra szakosodott szerv)<br>\u00f6nkorm\u00e1nyzat \u00f6sszes hivatala (gy\u00e1m\u00fcgy, lak\u00e1shivatal, csal\u00e1dseg\u00edt\u0151,<br>okm\u00e1nyiroda), jegyz\u0151, t\u00e1rsadalombiztos\u00edt\u00f3, APEH, nyugd\u00edjbiztos\u00edt\u00f3,<br>v\u00e1mhivatal, anyak\u00f6nyvvezet\u0151i hivatal, stb. amennyiben az elj\u00e1r\u00e1s v\u00e1dlott,<br>vesztes \u00fcgyfele, \u00e9s a perk\u00f6lts\u00e9gek fizet\u00e9s\u00e9re k\u00f6telezett f\u00e9l, a<br>siket\/nagyothall\u00f3 \u00fcgyf\u00e9l, vagy az elj\u00e1r\u00e1s kezdem\u00e9nyez\u0151je a<br>siket\/nagyothall\u00f3 \u00fcgyf\u00e9l.<\/li>\n\n\n\n<li style=\"padding-top:var(--wp--preset--spacing--30);padding-bottom:var(--wp--preset--spacing--30)\" class=\"has-medium-font-size\">K\u00f6zjegyz\u0151i okirat k\u00e9sz\u00edt\u00e9se<\/li>\n\n\n\n<li style=\"padding-top:var(--wp--preset--spacing--30);padding-bottom:var(--wp--preset--spacing--30)\" class=\"has-medium-font-size\">Egy\u00e9b k\u00f6zjegyz\u0151i elj\u00e1r\u00e1s: tolm\u00e1csol\u00e1s m\u00e1s, k\u00f6zjegyz\u0151 \u00e1ltal lebonyol\u00edtott<br>elj\u00e1r\u00e1sok sor\u00e1n (hagyat\u00e9ki elj\u00e1r\u00e1s stb.)<\/li>\n\n\n\n<li style=\"padding-top:var(--wp--preset--spacing--30);padding-bottom:var(--wp--preset--spacing--30)\" class=\"has-medium-font-size\">Eg\u00e9szs\u00e9g\u00fcgy: eg\u00e9szs\u00e9g\u00fcgyi ell\u00e1t\u00e1s ig\u00e9nybev\u00e9tele: k\u00f3rh\u00e1z, rendel\u0151,<br>mag\u00e1nklinika, mag\u00e1nrendel\u0151, gy\u00f3gyszert\u00e1r (ak\u00e1r \u00e1llami ak\u00e1r mag\u00e1n<br>ell\u00e1t\u00e1s)<\/li>\n\n\n\n<li style=\"padding-top:var(--wp--preset--spacing--30);padding-bottom:var(--wp--preset--spacing--30)\" class=\"has-medium-font-size\">K\u00f6z\u00e9piskolai levelez\u0151 oktat\u00e1s: k\u00f6z\u00e9pfok\u00fa oktat\u00e1si int\u00e9zm\u00e9nyben<br>tanulm\u00e1nyok; nem a k\u00f6zoktat\u00e1s keretein bel\u00fcl.<\/li>\n\n\n\n<li style=\"padding-top:var(--wp--preset--spacing--30);padding-bottom:var(--wp--preset--spacing--30)\" class=\"has-medium-font-size\">K\u00f6z\u00e9piskolai esti oktat\u00e1s: k\u00f6z\u00e9pfok\u00fa oktat\u00e1si int\u00e9zm\u00e9nyben<br>tanulm\u00e1nyok; nem a k\u00f6zoktat\u00e1s keretein bel\u00fcl.<\/li>\n\n\n\n<li style=\"padding-top:var(--wp--preset--spacing--30);padding-bottom:var(--wp--preset--spacing--30)\" class=\"has-medium-font-size\">Fels\u0151oktat\u00e1si tan\u00f3ra l\u00e1togat\u00e1sa\/konzult\u00e1ci\u00f3: tolm\u00e1csol\u00e1s fels\u0151fok\u00fa<br>k\u00e9pz\u00e9s sor\u00e1n (egyetem, f\u0151iskola, levelez\u0151, k\u00f6lts\u00e9gt\u00e9r\u00edt\u00e9ses, \u00f6nk\u00f6lts\u00e9ges,<br>kieg\u00e9sz\u00edt\u0151 k\u00e9pz\u00e9s, stb.)<\/li>\n\n\n\n<li style=\"padding-top:var(--wp--preset--spacing--30);padding-bottom:var(--wp--preset--spacing--30)\" class=\"has-medium-font-size\">Szakk\u00e9pz\u00e9s k\u00f6zoktat\u00e1sban: nappali tagozaton tan\u00f3ra l\u00e1togat\u00e1sa<br>k\u00f6zoktat\u00e1sban: szakmunk\u00e1sk\u00e9pz\u00e9s.<\/li>\n\n\n\n<li style=\"padding-top:var(--wp--preset--spacing--20);padding-bottom:var(--wp--preset--spacing--20)\" class=\"has-medium-font-size\">Szakk\u00e9pz\u00e9s kieg\u00e9sz\u00edt\u0151 k\u00e9pz\u00e9sk\u00e9nt: esti- vagy levelez\u0151 tagozaton tan\u00f3ra<br>l\u00e1togat\u00e1sa\/konzult\u00e1ci\u00f3 (t\u00e1mogatott) OKJ szakk\u00e9pz\u00e9s, kieg\u00e9sz\u00edt\u0151 k\u00e9pz\u00e9s,<br>k\u00f6lts\u00e9gt\u00e9r\u00edt\u00e9ses, esti-, levelez\u0151-, nappali tagozat, stb.<\/li>\n\n\n\n<li class=\"has-medium-font-size\">Tanfolyam: tolm\u00e1csol\u00e1s tanfolyamokon (nyelvtanfolyam,<br>g\u00e9pj\u00e1rm\u0171vezet\u0151i tanfolyam, stb.)<\/li>\n\n\n\n<li style=\"padding-top:var(--wp--preset--spacing--30);padding-bottom:var(--wp--preset--spacing--30)\" class=\"has-medium-font-size\">Foglalkoztat\u00e1s: tolm\u00e1csol\u00e1s munka\u00fcgyi hivatalban,<br>munkahelykeres\u00e9skor, \u00e1ll\u00e1sinterj\u00fan, munkahelyi t\u00e1j\u00e9koztat\u00e1son,<br>munkahelyi \u00e9rtekezleten, \u00e1tk\u00e9pz\u00e9sen.<\/li>\n\n\n\n<li style=\"padding-top:var(--wp--preset--spacing--30);padding-bottom:var(--wp--preset--spacing--30)\" class=\"has-medium-font-size\">Rendezv\u00e9ny: egy\u00e9ni ig\u00e9ny, rendezv\u00e9nyen t\u00f6rt\u00e9n\u0151 egy\u00e9ni r\u00e9szv\u00e9tel<\/li>\n\n\n\n<li style=\"padding-top:var(--wp--preset--spacing--30);padding-bottom:var(--wp--preset--spacing--30)\" class=\"has-medium-font-size\">Szabadid\u0151: szabadid\u0151s tev\u00e9kenys\u00e9g, rendezv\u00e9ny (egy vagy t\u00f6bb siket<br>\u00e1ltal szervezett programok) kultur\u00e1lis vagy sport versenyek,<br>m\u00fazeuml\u00e1togat\u00e1s, csoportosan vagy egy\u00e9nileg.<\/li>\n\n\n\n<li class=\"has-medium-font-size\">Konferencia: konferenci\u00e1n, t\u00f6rt\u00e9n\u0151 tolm\u00e1csol\u00e1s egy\u00e9n sz\u00e1m\u00e1ra.<\/li>\n\n\n\n<li style=\"padding-top:var(--wp--preset--spacing--30);padding-bottom:var(--wp--preset--spacing--30)\" class=\"has-medium-font-size\">Sz\u00ednh\u00e1z: sz\u00ednh\u00e1zi el\u0151ad\u00e1s jelnyelvi tolm\u00e1csol\u00e1sa csoport sz\u00e1m\u00e1ra,<br>felk\u00e9sz\u00fcl\u00e9s az el\u0151ad\u00e1sra.<\/li>\n\n\n\n<li class=\"has-medium-font-size\">Sz\u00ednh\u00e1z, egy\u00e9ni r\u00e9szv\u00e9tel: sz\u00ednh\u00e1zi el\u0151ad\u00e1s jelnyelvi tolm\u00e1csol\u00e1sa egy\u00e9n<br>sz\u00e1m\u00e1ra, pr\u00f3batolm\u00e1csol\u00e1s.<\/li>\n\n\n\n<li style=\"padding-top:var(--wp--preset--spacing--30);padding-bottom:var(--wp--preset--spacing--30)\" class=\"has-medium-font-size\">Egyh\u00e1z, egy\u00e9ni szertart\u00e1s: egy\u00e9ni szertart\u00e1s tolm\u00e1csol\u00e1sa: keresztel\u0151,<br>b\u00e9rm\u00e1l\u00e1s, esk\u00fcv\u0151, temet\u00e9s stb.<\/li>\n\n\n\n<li style=\"padding-top:var(--wp--preset--spacing--30);padding-bottom:var(--wp--preset--spacing--30)\" class=\"has-medium-font-size\">Szem\u00e9lyi tolm\u00e1csol\u00e1s: t\u00f6bb eset is naponta, esetleg ragaszkodva egy-egy<br>tolm\u00e1cshoz, k\u00eds\u00e9r\u00e9s jelnyelvi tolm\u00e1csol\u00e1ssal, \u00e1ltal\u00e1ban olyan vezet\u0151<br>beoszt\u00e1s\u00fa siket szem\u00e9ly sz\u00e1m\u00e1ra, akinek munkak\u00f6r\u00e9b\u0151l ad\u00f3d\u00f3an<br>folyamatosan hall\u00f3 szem\u00e9lyekkel kell egy\u00fcttm\u0171k\u00f6dnie.<br>Az \u00e1llam \u00e1ltal biztos\u00edtott t\u00e9r\u00edt\u00e9smentes jelnyelvi tolm\u00e1csszolg\u00e1ltat\u00e1s id\u0151kerete<br><strong>szem\u00e9lyenk\u00e9nt legfeljebb \u00e9vi 120 \u00f3ra.<\/strong><br>Az \u00e9ves szem\u00e9lyenk\u00e9nti id\u0151kereten fel\u00fcl az \u00e1llam az \u00f3vodai nevel\u00e9s sor\u00e1n, a<br>tanul\u00f3i, a hallgat\u00f3i, a feln\u0151ttk\u00e9pz\u00e9si jogviszonnyal \u00f6sszef\u00fcgg\u00e9sben, valamint a<br>szakmai oktat\u00e1sban vagy a feln\u0151ttk\u00e9pz\u00e9sr\u0151l sz\u00f3l\u00f3 t\u00f6rv\u00e9ny szerinti k\u00e9pz\u00e9sben<br>feln\u0151ttk\u00e9pz\u00e9si jogviszonyban r\u00e9sztvev\u0151 szem\u00e9ly r\u00e9sz\u00e9re, valamint a<br>foglalkoztat\u00e1sra ir\u00e1nyul\u00f3 jogviszonyban \u00e1ll\u00f3 hall\u00e1ss\u00e9r\u00fclt szem\u00e9ly, illetve a<br>speci\u00e1lis kommunik\u00e1ci\u00f3s rendszerek haszn\u00e1lat\u00e1val kommunik\u00e1l\u00f3 hall\u00e1ss\u00e9r\u00fclt<br>valamint siketvak szem\u00e9lyek r\u00e9sz\u00e9re tov\u00e1bbi, jogszab\u00e1lyban foglalt<br>t\u00e9r\u00edt\u00e9smentes jelnyelvi tolm\u00e1csszolg\u00e1ltat\u00e1st biztos\u00edt.<\/li>\n<\/ol>\n\n\n\n<p class=\"has-ast-global-color-2-color has-text-color has-link-color has-medium-font-size wp-elements-ba22b506148544e2f79819ace92c0d44\"><strong>K\u00d6LTS\u00c9GT\u00c9R\u00cdT\u00c9SES JELNYELVI TOLM\u00c1CSSZOLG\u00c1LTAT\u00c1S<\/strong><\/p>\n\n\n\n<p class=\"has-ast-global-color-2-color has-text-color has-link-color has-medium-font-size wp-elements-2f229af16e6e43b21fcdfbac5fc23ee9\"><br>Az al\u00e1bbi k\u00f6lts\u00e9gt\u00e9r\u00edt\u00e9ses tolm\u00e1csol\u00e1sok d\u00edjszab\u00e1s\u00e1ra \u00e9s fizet\u00e9si felt\u00e9teleire a<br>23\/2017. (XII. 22.) IM rendelet az ir\u00e1nyad\u00f3. A fizet\u00e9s a leigazolt munkalap<br>alapj\u00e1n ki\u00e1ll\u00edtott sz\u00e1mla ellen\u00e9ben, lehet\u0151leg banki utal\u00e1ssal t\u00f6rt\u00e9nik.<br>K\u00f6lts\u00e9gt\u00e9r\u00edt\u00e9ses tolm\u00e1csol\u00e1si helyzetek:<\/p>\n\n\n\n<ol class=\"has-ast-global-color-2-color has-text-color has-link-color wp-block-list wp-elements-3537094777bd13bc0749303715a66c2c\">\n<li style=\"padding-top:var(--wp--preset--spacing--30);padding-bottom:var(--wp--preset--spacing--30)\" class=\"has-medium-font-size\">B\u00fcntet\u0151elj\u00e1r\u00e1s: igazs\u00e1g\u00fcgyi szervek \u00e9s az ezekkel kapcsolatos \u00fcgyek:<br>b\u00edr\u00f3s\u00e1g, \u00fcgy\u00e9szs\u00e9g, rend\u0151rs\u00e9g. Amennyiben a megrendel\u0151 az igazs\u00e1g\u00fcgyi<br>szerv, \u00e9s a per k\u00f6lts\u00e9gei nem a vesztes, siket\/nagyothall\u00f3 \u00fcgyfelet<br>terhelik.<\/li>\n\n\n\n<li style=\"padding-top:var(--wp--preset--spacing--30);padding-bottom:var(--wp--preset--spacing--30)\" class=\"has-medium-font-size\">Polg\u00e1ri peres elj\u00e1r\u00e1s: igazs\u00e1g\u00fcgyi szervek \u00e9s az ezekkel kapcsolatos<br>\u00fcgyek: b\u00edr\u00f3s\u00e1g, \u00fcgy\u00e9szs\u00e9g. Amennyiben a megrendel\u0151 az igazs\u00e1g\u00fcgyi<br>szerv, \u00e9s a per k\u00f6lts\u00e9gei nem a vesztes, siket\/nagyothall\u00f3 \u00fcgyfelet<br>terhelik.<\/li>\n\n\n\n<li style=\"padding-top:var(--wp--preset--spacing--30);padding-bottom:var(--wp--preset--spacing--30)\" class=\"has-medium-font-size\">Szab\u00e1lys\u00e9rt\u00e9si \u00fcgy: igazs\u00e1g\u00fcgyi szervek \u00e9s az ezekkel kapcsolatos \u00fcgyek:<br>b\u00edr\u00f3s\u00e1g, \u00fcgy\u00e9szs\u00e9g, rend\u0151rs\u00e9g. Amennyiben a megrendel\u0151 az igazs\u00e1g\u00fcgyi<br>szerv, \u00e9s a per k\u00f6lts\u00e9gei nem a vesztes, siket\/nagyothall\u00f3 \u00fcgyfelet<br>terhelik.<\/li>\n\n\n\n<li style=\"padding-top:var(--wp--preset--spacing--30);padding-bottom:var(--wp--preset--spacing--30)\" class=\"has-medium-font-size\">K\u00f6zigazgat\u00e1si, hat\u00f3s\u00e1gi elj\u00e1r\u00e1s: \u00e1llamigazgat\u00e1si szervek, miniszt\u00e9riumok<br>(minden ter\u00fcletileg illet\u00e9kes, illetve feladatra szakosodott szerv)<br>\u00f6nkorm\u00e1nyzat \u00f6sszes hivatala (gy\u00e1m\u00fcgy, lak\u00e1shivatal, csal\u00e1dseg\u00edt\u0151,<br>okm\u00e1nyiroda), jegyz\u0151, t\u00e1rsadalombiztos\u00edt\u00f3, APEH, nyugd\u00edjbiztos\u00edt\u00f3,<br>v\u00e1mhivatal, anyak\u00f6nyvvezet\u0151i hivatal, stb. amennyiben a megrendel\u0151 a<br>hat\u00f3s\u00e1gi szerv, \u00e9s a per k\u00f6lts\u00e9gei nem a vesztes, siket\/nagyothall\u00f3<br>\u00fcgyfelet terheli.<\/li>\n\n\n\n<li style=\"padding-top:var(--wp--preset--spacing--30);padding-bottom:var(--wp--preset--spacing--30)\" class=\"has-medium-font-size\">Fels\u0151oktat\u00e1s vizsga: tolm\u00e1csol\u00e1s sz\u00f3beli vizsg\u00e1n fels\u0151oktat\u00e1sban<br>r\u00e9sztvev\u0151 hallgat\u00f3k sz\u00e1m\u00e1ra.<\/li>\n\n\n\n<li style=\"padding-top:var(--wp--preset--spacing--30);padding-bottom:var(--wp--preset--spacing--30)\" class=\"has-medium-font-size\">Szakk\u00e9pz\u00e9s z\u00e1r\u00f3vizsga: tolm\u00e1csol\u00e1s sz\u00f3beli z\u00e1r\u00f3vizsg\u00e1n szakk\u00e9pz\u00e9sben<br>r\u00e9sztvev\u0151 hallgat\u00f3 sz\u00e1m\u00e1ra.<\/li>\n\n\n\n<li style=\"padding-top:var(--wp--preset--spacing--30);padding-bottom:var(--wp--preset--spacing--30)\" class=\"has-medium-font-size\">Foglalkoztat\u00e1s: akkredit\u00e1lt rehabilit\u00e1ci\u00f3s, kiemelt \u00e9s v\u00e9dett foglalkoztat\u00f3<br>int\u00e9zm\u00e9nyben.<\/li>\n\n\n\n<li style=\"padding-top:var(--wp--preset--spacing--30);padding-bottom:var(--wp--preset--spacing--30)\" class=\"has-medium-font-size\">Rendezv\u00e9ny: rendezv\u00e9nyen t\u00f6rt\u00e9n\u0151 csoportos r\u00e9szv\u00e9tel, (a rendezv\u00e9ny<br>szervez\u0151je a megrendel\u0151).<\/li>\n\n\n\n<li style=\"padding-top:var(--wp--preset--spacing--30);padding-bottom:var(--wp--preset--spacing--30)\" class=\"has-medium-font-size\">Konferencia: konferenci\u00e1n, \u00e9rtekezleten t\u00f6rt\u00e9n\u0151 tolm\u00e1csol\u00e1s csoport<br>sz\u00e1m\u00e1ra.<\/li>\n\n\n\n<li style=\"padding-top:var(--wp--preset--spacing--30);padding-bottom:var(--wp--preset--spacing--30)\" class=\"has-medium-font-size\">M\u00e9dia: jelnyelvi tolm\u00e1csol\u00e1s telev\u00edzi\u00f3ban, r\u00e1di\u00f3ban, film, interj\u00fak stb.<\/li>\n\n\n\n<li style=\"padding-top:var(--wp--preset--spacing--30);padding-bottom:var(--wp--preset--spacing--30)\" class=\"has-medium-font-size\">Egyh\u00e1z: csoportos szertart\u00e1s tolm\u00e1csol\u00e1sa (mise), m\u00e1s egyh\u00e1zi<br>rendezv\u00e9nyek (t\u00e1bor, tal\u00e1lkoz\u00f3).<br><br><\/li>\n<\/ol>\n\n\n\n<p class=\"has-ast-global-color-2-color has-text-color has-link-color has-medium-font-size wp-elements-d06bb5658d3b83c2f0c091437eff5845\"><strong><mark style=\"background-color:rgba(0, 0, 0, 0)\" class=\"has-inline-color has-ast-global-color-8-color\">V\u00c1LLALT TOLM\u00c1CSOL\u00c1SI M\u00d3DOK:<\/mark><\/strong><\/p>\n\n\n\n<ul class=\"has-ast-global-color-2-color has-text-color has-link-color wp-block-list wp-elements-530c8dad61bef1edfe4a1022202e48ef\">\n<li class=\"has-medium-font-size\"><mark style=\"background-color:rgba(0, 0, 0, 0)\" class=\"has-inline-color has-ast-global-color-8-color\">magyar jelnyelv<\/mark><\/li>\n\n\n\n<li class=\"has-medium-font-size\">taktilis jelnyelv<\/li>\n\n\n\n<li class=\"has-medium-font-size\">jeles\u00edtett magyar nyelv<\/li>\n\n\n\n<li class=\"has-medium-font-size\">ujj\u00e1b\u00e9c\u00e9<\/li>\n\n\n\n<li class=\"has-medium-font-size\">daktil teny\u00e9rbe jelz\u00e9s<\/li>\n\n\n\n<li class=\"has-medium-font-size\">magyar nyelv\u0171 besz\u00e9d vizualiz\u00e1sa<\/li>\n\n\n\n<li class=\"has-medium-font-size\">magyar nyelv\u0171, hangz\u00f3 besz\u00e9d \u00edr\u00e1sba foglal\u00e1sa<\/li>\n\n\n\n<li class=\"has-medium-font-size\">Lorm-ab\u00e9c\u00e9<\/li>\n\n\n\n<li class=\"has-medium-font-size\">teny\u00e9rbe \u00edr\u00e1s<\/li>\n\n\n\n<li class=\"has-medium-font-size\">Braille-\u00edr\u00e1s<\/li>\n\n\n\n<li class=\"has-medium-font-size\">Braille-\u00edr\u00e1s taktilis form\u00e1ja<\/li>\n\n\n\n<li class=\"has-medium-font-size\">Tadoma vibr\u00e1ci\u00f3s m\u00f3dszer<\/li>\n<\/ul>\n\n\n\n<p><\/p>\n","protected":false},"excerpt":{"rendered":"<p>INGYENES JELNYELVI TOLM\u00c1CSSZOLG\u00c1LTAT\u00c1S T\u00e9r\u00edt\u00e9smentes jelnyelvi tolm\u00e1csszolg\u00e1ltat\u00e1st az a magyar \u00e1llampolg\u00e1rs\u00e1ggal,vagy a szabad mozg\u00e1s \u00e9s tart\u00f3zkod\u00e1s jog\u00e1val rendelkez\u0151, valamint bev\u00e1ndorolt\u00e9s letelepedett [&hellip;]<\/p>\n","protected":false},"author":1,"featured_media":0,"parent":0,"menu_order":0,"comment_status":"closed","ping_status":"closed","template":"","meta":{"site-sidebar-layout":"default","site-content-layout":"","ast-site-content-layout":"","site-content-style":"default","site-sidebar-style":"default","ast-global-header-display":"","ast-banner-title-visibility":"","ast-main-header-display":"","ast-hfb-above-header-display":"","ast-hfb-below-header-display":"","ast-hfb-mobile-header-display":"","site-post-title":"","ast-breadcrumbs-content":"","ast-featured-img":"","footer-sml-layout":"","theme-transparent-header-meta":"","adv-header-id-meta":"","stick-header-meta":"","header-above-stick-meta":"","header-main-stick-meta":"","header-below-stick-meta":"","astra-migrate-meta-layouts":"default","ast-page-background-enabled":"default","ast-page-background-meta":{"desktop":{"background-color":"var(--ast-global-color-4)","background-image":"","background-repeat":"repeat","background-position":"center center","background-size":"auto","background-attachment":"scroll","background-type":"","background-media":"","overlay-type":"","overlay-color":"","overlay-opacity":"","overlay-gradient":""},"tablet":{"background-color":"","background-image":"","background-repeat":"repeat","background-position":"center center","background-size":"auto","background-attachment":"scroll","background-type":"","background-media":"","overlay-type":"","overlay-color":"","overlay-opacity":"","overlay-gradient":""},"mobile":{"background-color":"","background-image":"","background-repeat":"repeat","background-position":"center center","background-size":"auto","background-attachment":"scroll","background-type":"","background-media":"","overlay-type":"","overlay-color":"","overlay-opacity":"","overlay-gradient":""}},"ast-content-background-meta":{"desktop":{"background-color":"var(--ast-global-color-5)","background-image":"","background-repeat":"repeat","background-position":"center center","background-size":"auto","background-attachment":"scroll","background-type":"","background-media":"","overlay-type":"","overlay-color":"","overlay-opacity":"","overlay-gradient":""},"tablet":{"background-color":"var(--ast-global-color-5)","background-image":"","background-repeat":"repeat","background-position":"center center","background-size":"auto","background-attachment":"scroll","background-type":"","background-media":"","overlay-type":"","overlay-color":"","overlay-opacity":"","overlay-gradient":""},"mobile":{"background-color":"var(--ast-global-color-5)","background-image":"","background-repeat":"repeat","background-position":"center center","background-size":"auto","background-attachment":"scroll","background-type":"","background-media":"","overlay-type":"","overlay-color":"","overlay-opacity":"","overlay-gradient":""}},"footnotes":""},"class_list":["post-44","page","type-page","status-publish","hentry"],"_links":{"self":[{"href":"https:\/\/jeltolmacs-bekes.hu\/index.php?rest_route=\/wp\/v2\/pages\/44","targetHints":{"allow":["GET"]}}],"collection":[{"href":"https:\/\/jeltolmacs-bekes.hu\/index.php?rest_route=\/wp\/v2\/pages"}],"about":[{"href":"https:\/\/jeltolmacs-bekes.hu\/index.php?rest_route=\/wp\/v2\/types\/page"}],"author":[{"embeddable":true,"href":"https:\/\/jeltolmacs-bekes.hu\/index.php?rest_route=\/wp\/v2\/users\/1"}],"replies":[{"embeddable":true,"href":"https:\/\/jeltolmacs-bekes.hu\/index.php?rest_route=%2Fwp%2Fv2%2Fcomments&post=44"}],"version-history":[{"count":21,"href":"https:\/\/jeltolmacs-bekes.hu\/index.php?rest_route=\/wp\/v2\/pages\/44\/revisions"}],"predecessor-version":[{"id":240,"href":"https:\/\/jeltolmacs-bekes.hu\/index.php?rest_route=\/wp\/v2\/pages\/44\/revisions\/240"}],"wp:attachment":[{"href":"https:\/\/jeltolmacs-bekes.hu\/index.php?rest_route=%2Fwp%2Fv2%2Fmedia&parent=44"}],"curies":[{"name":"wp","href":"https:\/\/api.w.org\/{rel}","templated":true}]}}