{"id":52,"date":"2024-06-18T13:09:16","date_gmt":"2024-06-18T11:09:16","guid":{"rendered":"http:\/\/jeltolmacs-bekes.hu\/?page_id=52"},"modified":"2024-06-18T13:09:16","modified_gmt":"2024-06-18T11:09:16","slug":"megrendeles","status":"publish","type":"page","link":"https:\/\/jeltolmacs-bekes.hu\/?page_id=52","title":{"rendered":"Megrendel\u00e9s"},"content":{"rendered":"\n<p class=\"has-ast-global-color-2-color has-text-color has-link-color has-medium-font-size wp-elements-9c6353213cef4f9ef72c304899f7fa6d\"><strong>A MEGRENDEL\u00c9S M\u00d3DJA<\/strong><br><\/p>\n\n\n\n<p class=\"has-ast-global-color-2-color has-text-color has-link-color has-medium-font-size wp-elements-dcbc62834ab5cac43aee0a7341dbc637\">A megrendel\u00e9s t\u00f6rt\u00e9nhet szem\u00e9lyesen az irod\u00e1ban \u00fcgyf\u00e9lfogad\u00e1si id\u0151ben vagy<br>SMS-ben, telefonon, email-ben, postai lev\u00e9lben, messengeren, videoh\u00edv\u00e1sra<br>alkalmas eszk\u00f6z\u00f6n.<br>Els\u0151 megrendel\u00e9s eset\u00e9n megrendel\u0151lapot is ki kell t\u00f6lteni.<br>Megrendel\u00e9sn\u00e9l mindig adja meg a k\u00f6vetkez\u0151 adatokat, ami alapj\u00e1n a<br>munkalapot felvissz\u00fck:<\/p>\n\n\n\n<ul class=\"has-ast-global-color-2-color has-text-color has-link-color wp-block-list wp-elements-96be9e28d5c3296c46ce11ab73bc66a3\">\n<li class=\"has-medium-font-size\"> hall\u00e1ss\u00e9r\u00fclt \u00fcgyf\u00e9l neve,<\/li>\n\n\n\n<li class=\"has-medium-font-size\">az \u00fcgyf\u00e9l el\u00e9rhet\u0151s\u00e9ge, neve, c\u00edme,<\/li>\n\n\n\n<li class=\"has-medium-font-size\">a tolm\u00e1csol\u00e1s pontos ideje (d\u00e1tum, \u00f3ra, perc),<\/li>\n\n\n\n<li class=\"has-medium-font-size\">a tolm\u00e1csol\u00e1s v\u00e1rhat\u00f3 id\u0151tartama (v\u00e1rhat\u00f3an mennyi id\u0151re k\u00e9r<\/li>\n\n\n\n<li class=\"has-medium-font-size\">tolm\u00e1csot)<\/li>\n\n\n\n<li class=\"has-medium-font-size\">a tolm\u00e1csol\u00e1s t\u00e9m\u00e1ja (sz\u00fcl\u0151i \u00e9rtekezlet, orvosi vizsg\u00e1lat, bank, stb.)<\/li>\n\n\n\n<li class=\"has-medium-font-size\">a tolm\u00e1csol\u00e1s m\u00f3dja (pl: magyar jelnyelv)<\/li>\n\n\n\n<li class=\"has-medium-font-size\">a tolm\u00e1csol\u00e1s pontos helye (v\u00e1ros, ker\u00fclet, utca, h\u00e1zsz\u00e1m)<\/li>\n\n\n\n<li class=\"has-medium-font-size\">a tolm\u00e1ccsal val\u00f3 tal\u00e1lkoz\u00e1s helye.<\/li>\n<\/ul>\n\n\n\n<p class=\"has-ast-global-color-2-color has-text-color has-link-color has-medium-font-size wp-elements-a5e2ebbf0f38c4197832bb50a5b18daf\">Int\u00e9zm\u00e9nyi megrendel\u00e9s eset\u00e9n az al\u00e1bbit is:<\/p>\n\n\n\n<ul class=\"has-ast-global-color-2-color has-text-color has-link-color wp-block-list wp-elements-4d564c48a3ae61dc5bd8cf32bb3a8702\">\n<li class=\"has-medium-font-size\">kapcsolattart\u00f3 szem\u00e9ly neve, el\u00e9rhet\u0151s\u00e9ge,<\/li>\n\n\n\n<li class=\"has-medium-font-size\">kifizet\u00e9s m\u00f3dja (banki \u00e1tutal\u00e1s).<\/li>\n<\/ul>\n\n\n\n<p class=\"has-ast-global-color-2-color has-text-color has-link-color has-medium-font-size wp-elements-be79e45e0db5dc450fb1629f245eb028\"><br>A k\u00e9szenl\u00e9ti id\u0151 alatt az \u00fcgyeleti telefonsz\u00e1mon (h\u00edv\u00e1s, SMS) fogadjuk a<br>megrendel\u00e9seket.<br>A megrendel\u00e9sr\u0151l a tolm\u00e1csszolg\u00e1lat visszaigazol\u00e1st k\u00fcld a megrendel\u00e9s<br>m\u00f3dj\u00e1val azonos form\u00e1ban.<br>A munka v\u00e9g\u00e9n a megrendel\u0151nek \u00e9s a tolm\u00e1csnak is al\u00e1 kell \u00edrni a munkalapot.<br>A megrendel\u00e9s a siketnek mindig INGYENES!<br>K\u00c9RJ\u00dcK, MEGRENDEL\u00c9SEIKET LEGAL\u00c1BB 72 \u00d3R\u00c1VAL EL\u0150BB JELEZZ\u00c9K!<br>S\u00dcRG\u0150S, RENDK\u00cdV\u00dcLI ESETBEN, 2 \u00d3R\u00c1N BEL\u00dcL BIZTOS\u00cdT A SZOLG\u00c1LAT<br>TOLM\u00c1CSOT!<\/p>\n\n\n\n<p class=\"has-medium-font-size\"><strong><mark style=\"background-color:rgba(0, 0, 0, 0)\" class=\"has-inline-color has-ast-global-color-2-color\">A MEGRENDEL\u00c9S LEMOND\u00c1SA<\/mark><\/strong><\/p>\n\n\n\n<p class=\"has-medium-font-size\"><mark style=\"background-color:rgba(0, 0, 0, 0)\" class=\"has-inline-color has-ast-global-color-2-color\">A megrendel\u0151 lemond\u00e1s eset\u00e9n k\u00f6teles a tolm\u00e1csszolg\u00e1latot miel\u0151bb,<br>minimum 24 \u00f3r\u00e1val el\u0151tte \u00e9rtes\u00edteni.<br>Amennyiben a hivatalos megrendel\u0151 elmulasztja a megrendel\u00e9s id\u0151beni<br>lemond\u00e1s\u00e1t, \u00fagy k\u00f6teles a tolm\u00e1csol\u00e1sra sz\u00e1nt \u00f3r\u00e1k minimum 50%-\u00e1t<br>megt\u00e9r\u00edteni.<br>Abban az esetben, ha az \u00fcgyf\u00e9l nem \u00e9rkezik meg a helysz\u00ednre a megadott<br>id\u0151pontban, a tolm\u00e1cs 20 perc v\u00e1rakoz\u00e1si id\u0151 ut\u00e1n elhagyja a helysz\u00ednt.<br>Amennyiben a tolm\u00e1csol\u00e1si eset az \u00fcgyf\u00e9l hib\u00e1j\u00e1b\u00f3l nem val\u00f3sul meg, a<br>felt\u00fcntetett id\u0151tartam levon\u00e1sra ker\u00fcl az \u00fcgyf\u00e9l \u00f3rakeret\u00e9b\u0151l.<\/mark><\/p>\n\n\n\n<p class=\"has-ast-global-color-2-color has-ast-global-color-5-background-color has-text-color has-background has-link-color has-medium-font-size wp-elements-efb0a1641b17242b1c4731476b804c55\" style=\"padding-top:var(--wp--preset--spacing--20);padding-bottom:var(--wp--preset--spacing--20)\"><\/p>\n\n\n\n<p class=\"has-ast-global-color-2-color has-ast-global-color-5-background-color has-text-color has-background has-link-color has-medium-font-size wp-elements-b9136c0b608e8028750fe1812f143518\" style=\"padding-top:var(--wp--preset--spacing--30);padding-bottom:var(--wp--preset--spacing--30)\"><\/p>\n\n\n\n<p><\/p>\n\n\n\n<p class=\"has-ast-global-color-2-color has-ast-global-color-5-background-color has-text-color has-background has-link-color has-medium-font-size wp-elements-b9136c0b608e8028750fe1812f143518\" style=\"padding-top:var(--wp--preset--spacing--30);padding-bottom:var(--wp--preset--spacing--30)\"><\/p>\n","protected":false},"excerpt":{"rendered":"<p>A MEGRENDEL\u00c9S M\u00d3DJA A megrendel\u00e9s t\u00f6rt\u00e9nhet szem\u00e9lyesen az irod\u00e1ban \u00fcgyf\u00e9lfogad\u00e1si id\u0151ben vagySMS-ben, telefonon, email-ben, postai lev\u00e9lben, messengeren, videoh\u00edv\u00e1sraalkalmas eszk\u00f6z\u00f6n.Els\u0151 megrendel\u00e9s [&hellip;]<\/p>\n","protected":false},"author":1,"featured_media":0,"parent":0,"menu_order":0,"comment_status":"closed","ping_status":"closed","template":"","meta":{"site-sidebar-layout":"default","site-content-layout":"","ast-site-content-layout":"","site-content-style":"default","site-sidebar-style":"default","ast-global-header-display":"","ast-banner-title-visibility":"","ast-main-header-display":"","ast-hfb-above-header-display":"","ast-hfb-below-header-display":"","ast-hfb-mobile-header-display":"","site-post-title":"","ast-breadcrumbs-content":"","ast-featured-img":"","footer-sml-layout":"","theme-transparent-header-meta":"","adv-header-id-meta":"","stick-header-meta":"","header-above-stick-meta":"","header-main-stick-meta":"","header-below-stick-meta":"","astra-migrate-meta-layouts":"default","ast-page-background-enabled":"default","ast-page-background-meta":{"desktop":{"background-color":"var(--ast-global-color-4)","background-image":"","background-repeat":"repeat","background-position":"center center","background-size":"auto","background-attachment":"scroll","background-type":"","background-media":"","overlay-type":"","overlay-color":"","overlay-opacity":"","overlay-gradient":""},"tablet":{"background-color":"","background-image":"","background-repeat":"repeat","background-position":"center center","background-size":"auto","background-attachment":"scroll","background-type":"","background-media":"","overlay-type":"","overlay-color":"","overlay-opacity":"","overlay-gradient":""},"mobile":{"background-color":"","background-image":"","background-repeat":"repeat","background-position":"center center","background-size":"auto","background-attachment":"scroll","background-type":"","background-media":"","overlay-type":"","overlay-color":"","overlay-opacity":"","overlay-gradient":""}},"ast-content-background-meta":{"desktop":{"background-color":"var(--ast-global-color-5)","background-image":"","background-repeat":"repeat","background-position":"center center","background-size":"auto","background-attachment":"scroll","background-type":"","background-media":"","overlay-type":"","overlay-color":"","overlay-opacity":"","overlay-gradient":""},"tablet":{"background-color":"var(--ast-global-color-5)","background-image":"","background-repeat":"repeat","background-position":"center center","background-size":"auto","background-attachment":"scroll","background-type":"","background-media":"","overlay-type":"","overlay-color":"","overlay-opacity":"","overlay-gradient":""},"mobile":{"background-color":"var(--ast-global-color-5)","background-image":"","background-repeat":"repeat","background-position":"center center","background-size":"auto","background-attachment":"scroll","background-type":"","background-media":"","overlay-type":"","overlay-color":"","overlay-opacity":"","overlay-gradient":""}},"footnotes":""},"class_list":["post-52","page","type-page","status-publish","hentry"],"_links":{"self":[{"href":"https:\/\/jeltolmacs-bekes.hu\/index.php?rest_route=\/wp\/v2\/pages\/52","targetHints":{"allow":["GET"]}}],"collection":[{"href":"https:\/\/jeltolmacs-bekes.hu\/index.php?rest_route=\/wp\/v2\/pages"}],"about":[{"href":"https:\/\/jeltolmacs-bekes.hu\/index.php?rest_route=\/wp\/v2\/types\/page"}],"author":[{"embeddable":true,"href":"https:\/\/jeltolmacs-bekes.hu\/index.php?rest_route=\/wp\/v2\/users\/1"}],"replies":[{"embeddable":true,"href":"https:\/\/jeltolmacs-bekes.hu\/index.php?rest_route=%2Fwp%2Fv2%2Fcomments&post=52"}],"version-history":[{"count":18,"href":"https:\/\/jeltolmacs-bekes.hu\/index.php?rest_route=\/wp\/v2\/pages\/52\/revisions"}],"predecessor-version":[{"id":271,"href":"https:\/\/jeltolmacs-bekes.hu\/index.php?rest_route=\/wp\/v2\/pages\/52\/revisions\/271"}],"wp:attachment":[{"href":"https:\/\/jeltolmacs-bekes.hu\/index.php?rest_route=%2Fwp%2Fv2%2Fmedia&parent=52"}],"curies":[{"name":"wp","href":"https:\/\/api.w.org\/{rel}","templated":true}]}}