{"id":54,"date":"2024-06-18T13:09:51","date_gmt":"2024-06-18T11:09:51","guid":{"rendered":"http:\/\/jeltolmacs-bekes.hu\/?page_id=54"},"modified":"2025-07-07T12:35:00","modified_gmt":"2025-07-07T10:35:00","slug":"szolgaltatasi-rend","status":"publish","type":"page","link":"https:\/\/jeltolmacs-bekes.hu\/?page_id=54","title":{"rendered":"SZOLG\u00c1LTAT\u00c1SI REND"},"content":{"rendered":"\n<p class=\"has-medium-font-size\"><\/p>\n\n\n\n<p><\/p>\n\n\n\n<p><\/p>\n\n\n\n<p class=\"has-text-align-left has-medium-font-size\"><mark style=\"background-color:rgba(0, 0, 0, 0)\" class=\"has-inline-color has-ast-global-color-5-color\">.<\/mark><mark style=\"background-color:rgba(0, 0, 0, 0)\" class=\"has-inline-color has-ast-global-color-2-color\">Szolg\u00e1ltat\u00e1si rend s\u00edk\u00edr\u00e1sos v\u00e1ltozat:<\/mark><mark style=\"background-color:rgba(0, 0, 0, 0)\" class=\"has-inline-color has-ast-global-color-5-color\">&#8230;<\/mark><\/p>\n\n\n\n<div data-wp-interactive=\"core\/file\" class=\"wp-block-file\"><object data-wp-bind--hidden=\"!state.hasPdfPreview\" hidden class=\"wp-block-file__embed\" data=\"https:\/\/jeltolmacs-bekes.hu\/wp-content\/uploads\/2025\/07\/Szolgaltatasi_rend_sikirasos_II.pdf\" type=\"application\/pdf\" style=\"width:100%;height:600px\" aria-label=\"Szolg\u00e1ltat\u00e1si_rend_s\u00edk\u00edr\u00e1sos_II be\u00e1gyaz\u00e1sa\"><\/object><a id=\"wp-block-file--media-43ecfd03-24da-48c2-98bf-cdd36d67b37f\" href=\"https:\/\/jeltolmacs-bekes.hu\/wp-content\/uploads\/2025\/07\/Szolgaltatasi_rend_sikirasos_II.pdf\">Szolg\u00e1ltat\u00e1si_rend_s\u00edk\u00edr\u00e1sos_II<\/a><\/div>\n\n\n\n<p><mark style=\"background-color:rgba(0, 0, 0, 0)\" class=\"has-inline-color has-ast-global-color-2-color\">Szolg\u00e1ltat\u00e1si rend k\u00f6nnyen \u00e9rthet\u0151 v\u00e1ltozat:<\/mark><\/p>\n\n\n\n<div data-wp-interactive=\"core\/file\" class=\"wp-block-file\"><object data-wp-bind--hidden=\"!state.hasPdfPreview\" hidden class=\"wp-block-file__embed\" data=\"https:\/\/jeltolmacs-bekes.hu\/wp-content\/uploads\/2025\/07\/Szolgaltatasi_rend_konnyen_ertheto_valtozat_II.pdf\" type=\"application\/pdf\" style=\"width:100%;height:600px\" aria-label=\"Szolg\u00e1ltat\u00e1si_rend_k\u00f6nnyen_\u00e9rthet\u0151_v\u00e1ltozat_II be\u00e1gyaz\u00e1sa\"><\/object><a id=\"wp-block-file--media-8829cc46-cc46-4460-aa7f-35cb7dbbf464\" href=\"https:\/\/jeltolmacs-bekes.hu\/wp-content\/uploads\/2025\/07\/Szolgaltatasi_rend_konnyen_ertheto_valtozat_II.pdf\">Szolg\u00e1ltat\u00e1si_rend_k\u00f6nnyen_\u00e9rthet\u0151_v\u00e1ltozat_II<\/a><\/div>\n\n\n\n<p class=\"has-ast-global-color-2-color has-text-color has-link-color has-medium-font-size wp-elements-5f2f41ded0064d7cb2cca6b355cfc753\">Jelnyelvi v\u00e1ltozat:<\/p>\n\n\n\n<p class=\"has-ast-global-color-2-color has-text-color has-link-color has-medium-font-size wp-elements-d7005abf722c21aa4b181732a7499ce8\"><strong>Jogi h\u00e1tt\u00e9r:<\/strong><\/p>\n\n\n\n<figure class=\"wp-block-embed is-type-video is-provider-youtube wp-block-embed-youtube wp-embed-aspect-16-9 wp-has-aspect-ratio\"><div class=\"wp-block-embed__wrapper\">\n<div class=\"ast-oembed-container \" style=\"height: 100%;\"><iframe loading=\"lazy\" title=\"MMSZ B\u00e9k\u00e9s V\u00e1rmegyei Jelnyelvi Tolm\u00e1csszolg\u00e1lat szolg\u00e1ltat\u00e1si rend\" width=\"500\" height=\"281\" src=\"https:\/\/www.youtube.com\/embed\/YReQbgmNhs8?feature=oembed\" frameborder=\"0\" allow=\"accelerometer; autoplay; clipboard-write; encrypted-media; gyroscope; picture-in-picture; web-share\" referrerpolicy=\"strict-origin-when-cross-origin\" allowfullscreen><\/iframe><\/div>\n<\/div><\/figure>\n\n\n\n<ul class=\"wp-block-list has-ast-global-color-2-color has-text-color has-link-color wp-elements-b0739239c4ebaa0d4d3741396a53462e\">\n<li class=\"has-medium-font-size\">a fogyat\u00e9kos szem\u00e9lyek jogair\u00f3l \u00e9s es\u00e9lyegyenl\u0151s\u00e9g\u00fck biztos\u00edt\u00e1s\u00e1r\u00f3l sz\u00f3l\u00f3<\/li>\n\n\n\n<li class=\"has-medium-font-size\"> a Fogyat\u00e9koss\u00e1ggal \u00e9l\u0151 szem\u00e9lyek jogair\u00f3l sz\u00f3l\u00f3 Egyezm\u00e9ny \u00e9s az ahhoz<br>kapcsol\u00f3d\u00f3 Fakultat\u00edv Jegyz\u0151k\u00f6nyv kihirdet\u00e9s\u00e9r\u0151l sz\u00f3l\u00f3 2007. \u00e9vi XCII.<br>t\u00f6rv\u00e9ny,<\/li>\n\n\n\n<li class=\"has-medium-font-size\"> a magyar jelnyelvr\u0151l \u00e9s a magyar jelnyelv haszn\u00e1lat\u00e1r\u00f3l sz\u00f3l\u00f3 2009. \u00e9vi<br>CXXV. t\u00f6rv\u00e9ny (a tov\u00e1bbiakban: Jtv.),<\/li>\n\n\n\n<li class=\"has-medium-font-size\"> a jelnyelvi tolm\u00e1csszolg\u00e1latok m\u0171k\u00f6d\u00e9s\u00e9nek \u00e9s a jelnyelvi<br>tolm\u00e1csszolg\u00e1ltat\u00e1s ig\u00e9nybev\u00e9tel\u00e9nek felt\u00e9teleir\u0151l sz\u00f3l\u00f3 62\/2011. (XI.<br>10.) NEFMI rendelet a (a tov\u00e1bbiakban: Vhr.),<\/li>\n\n\n\n<li class=\"has-medium-font-size\"> 23\/2017. (XII. 22.) IM rendelet a k\u00f6zigazgat\u00e1si hat\u00f3s\u00e1gi elj\u00e1r\u00e1sban<br>k\u00f6zrem\u0171k\u00f6d\u0151 tolm\u00e1csok \u00e9s jelnyelvi tolm\u00e1csok d\u00edjaz\u00e1s\u00e1nak szab\u00e1lyair\u00f3l<\/li>\n\n\n\n<li class=\"has-medium-font-size\">a Jelnyelvi Tolm\u00e1csok Orsz\u00e1gos N\u00e9vjegyz\u00e9k\u00e9r\u0151l sz\u00f3l\u00f3 370\/2017. (XII.8.)<br>Korm. rendelet.<\/li>\n<\/ul>\n","protected":false},"excerpt":{"rendered":"<p>.Szolg\u00e1ltat\u00e1si rend s\u00edk\u00edr\u00e1sos v\u00e1ltozat:&#8230; Szolg\u00e1ltat\u00e1si rend k\u00f6nnyen \u00e9rthet\u0151 v\u00e1ltozat: Jelnyelvi v\u00e1ltozat: Jogi h\u00e1tt\u00e9r:<\/p>\n","protected":false},"author":1,"featured_media":0,"parent":0,"menu_order":0,"comment_status":"closed","ping_status":"closed","template":"","meta":{"site-sidebar-layout":"default","site-content-layout":"","ast-site-content-layout":"","site-content-style":"default","site-sidebar-style":"default","ast-global-header-display":"","ast-banner-title-visibility":"","ast-main-header-display":"","ast-hfb-above-header-display":"","ast-hfb-below-header-display":"","ast-hfb-mobile-header-display":"","site-post-title":"","ast-breadcrumbs-content":"","ast-featured-img":"","footer-sml-layout":"","theme-transparent-header-meta":"","adv-header-id-meta":"","stick-header-meta":"","header-above-stick-meta":"","header-main-stick-meta":"","header-below-stick-meta":"","astra-migrate-meta-layouts":"default","ast-page-background-enabled":"default","ast-page-background-meta":{"desktop":{"background-color":"var(--ast-global-color-4)","background-image":"","background-repeat":"repeat","background-position":"center center","background-size":"auto","background-attachment":"scroll","background-type":"","background-media":"","overlay-type":"","overlay-color":"","overlay-opacity":"","overlay-gradient":""},"tablet":{"background-color":"","background-image":"","background-repeat":"repeat","background-position":"center center","background-size":"auto","background-attachment":"scroll","background-type":"","background-media":"","overlay-type":"","overlay-color":"","overlay-opacity":"","overlay-gradient":""},"mobile":{"background-color":"","background-image":"","background-repeat":"repeat","background-position":"center center","background-size":"auto","background-attachment":"scroll","background-type":"","background-media":"","overlay-type":"","overlay-color":"","overlay-opacity":"","overlay-gradient":""}},"ast-content-background-meta":{"desktop":{"background-color":"var(--ast-global-color-5)","background-image":"","background-repeat":"repeat","background-position":"center center","background-size":"auto","background-attachment":"scroll","background-type":"","background-media":"","overlay-type":"","overlay-color":"","overlay-opacity":"","overlay-gradient":""},"tablet":{"background-color":"var(--ast-global-color-5)","background-image":"","background-repeat":"repeat","background-position":"center center","background-size":"auto","background-attachment":"scroll","background-type":"","background-media":"","overlay-type":"","overlay-color":"","overlay-opacity":"","overlay-gradient":""},"mobile":{"background-color":"var(--ast-global-color-5)","background-image":"","background-repeat":"repeat","background-position":"center center","background-size":"auto","background-attachment":"scroll","background-type":"","background-media":"","overlay-type":"","overlay-color":"","overlay-opacity":"","overlay-gradient":""}},"footnotes":""},"class_list":["post-54","page","type-page","status-publish","hentry"],"_links":{"self":[{"href":"https:\/\/jeltolmacs-bekes.hu\/index.php?rest_route=\/wp\/v2\/pages\/54","targetHints":{"allow":["GET"]}}],"collection":[{"href":"https:\/\/jeltolmacs-bekes.hu\/index.php?rest_route=\/wp\/v2\/pages"}],"about":[{"href":"https:\/\/jeltolmacs-bekes.hu\/index.php?rest_route=\/wp\/v2\/types\/page"}],"author":[{"embeddable":true,"href":"https:\/\/jeltolmacs-bekes.hu\/index.php?rest_route=\/wp\/v2\/users\/1"}],"replies":[{"embeddable":true,"href":"https:\/\/jeltolmacs-bekes.hu\/index.php?rest_route=%2Fwp%2Fv2%2Fcomments&post=54"}],"version-history":[{"count":62,"href":"https:\/\/jeltolmacs-bekes.hu\/index.php?rest_route=\/wp\/v2\/pages\/54\/revisions"}],"predecessor-version":[{"id":366,"href":"https:\/\/jeltolmacs-bekes.hu\/index.php?rest_route=\/wp\/v2\/pages\/54\/revisions\/366"}],"wp:attachment":[{"href":"https:\/\/jeltolmacs-bekes.hu\/index.php?rest_route=%2Fwp%2Fv2%2Fmedia&parent=54"}],"curies":[{"name":"wp","href":"https:\/\/api.w.org\/{rel}","templated":true}]}}