{"id":56,"date":"2024-06-18T13:09:24","date_gmt":"2024-06-18T11:09:24","guid":{"rendered":"http:\/\/jeltolmacs-bekes.hu\/?page_id=56"},"modified":"2025-07-01T15:45:44","modified_gmt":"2025-07-01T13:45:44","slug":"munkatarsak","status":"publish","type":"page","link":"https:\/\/jeltolmacs-bekes.hu\/?page_id=56","title":{"rendered":"MUNKAT\u00c1RSAK"},"content":{"rendered":"\n<div class=\"wp-block-group is-layout-constrained wp-block-group-is-layout-constrained\">\n<div class=\"wp-block-group is-nowrap is-layout-flex wp-container-core-group-is-layout-6c531013 wp-block-group-is-layout-flex\">\n<figure class=\"wp-block-image size-large is-resized\"><img loading=\"lazy\" decoding=\"async\" width=\"1024\" height=\"768\" src=\"https:\/\/jeltolmacs-bekes.hu\/wp-content\/uploads\/2024\/06\/img-4676-2-1024x768.png\" alt=\"\" class=\"wp-image-196\" style=\"width:737px;height:auto\" srcset=\"https:\/\/jeltolmacs-bekes.hu\/wp-content\/uploads\/2024\/06\/img-4676-2-1024x768.png 1024w, https:\/\/jeltolmacs-bekes.hu\/wp-content\/uploads\/2024\/06\/img-4676-2-300x225.png 300w, https:\/\/jeltolmacs-bekes.hu\/wp-content\/uploads\/2024\/06\/img-4676-2-768x576.png 768w, https:\/\/jeltolmacs-bekes.hu\/wp-content\/uploads\/2024\/06\/img-4676-2-1536x1152.png 1536w, https:\/\/jeltolmacs-bekes.hu\/wp-content\/uploads\/2024\/06\/img-4676-2-2048x1536.png 2048w\" sizes=\"auto, (max-width: 1024px) 100vw, 1024px\" \/><\/figure>\n\n\n\n<p class=\"has-text-align-center has-ast-global-color-2-color has-text-color has-link-color has-medium-font-size wp-elements-d5e6174d690c13f0f63d9466d6d9a651\"><strong>Rumin\u00e9 Niethammer Edina<\/strong><br>szakmai vezet\u0151<br>jelnyelvi tolm\u00e1cs<\/p>\n<\/div>\n\n\n\n<div class=\"wp-block-group is-layout-constrained wp-block-group-is-layout-constrained\">\n<div class=\"wp-block-group is-nowrap is-layout-flex wp-container-core-group-is-layout-6c531013 wp-block-group-is-layout-flex\">\n<figure class=\"wp-block-image size-large is-resized\"><img loading=\"lazy\" decoding=\"async\" width=\"1024\" height=\"767\" src=\"https:\/\/jeltolmacs-bekes.hu\/wp-content\/uploads\/2024\/06\/img-4664-2-1024x767.png\" alt=\"\" class=\"wp-image-197\" style=\"width:734px;height:auto\" srcset=\"https:\/\/jeltolmacs-bekes.hu\/wp-content\/uploads\/2024\/06\/img-4664-2-1024x767.png 1024w, https:\/\/jeltolmacs-bekes.hu\/wp-content\/uploads\/2024\/06\/img-4664-2-300x225.png 300w, https:\/\/jeltolmacs-bekes.hu\/wp-content\/uploads\/2024\/06\/img-4664-2-768x576.png 768w, https:\/\/jeltolmacs-bekes.hu\/wp-content\/uploads\/2024\/06\/img-4664-2-1536x1151.png 1536w, https:\/\/jeltolmacs-bekes.hu\/wp-content\/uploads\/2024\/06\/img-4664-2-2048x1535.png 2048w\" sizes=\"auto, (max-width: 1024px) 100vw, 1024px\" \/><\/figure>\n\n\n\n<p class=\"has-text-align-center has-ast-global-color-2-color has-text-color has-link-color has-medium-font-size wp-elements-96d1faf348c911807481b31e9ead6979\"><strong>Szlauk\u00f3-Fischer N\u00f3ra<\/strong><br>jelnyelvi tolm\u00e1cs<\/p>\n<\/div>\n<\/div>\n\n\n\n<div class=\"wp-block-group is-layout-constrained wp-block-group-is-layout-constrained\">\n<div class=\"wp-block-group is-nowrap is-layout-flex wp-container-core-group-is-layout-6c531013 wp-block-group-is-layout-flex\">\n<figure class=\"wp-block-image size-full is-resized\"><img loading=\"lazy\" decoding=\"async\" width=\"458\" height=\"363\" src=\"https:\/\/jeltolmacs-bekes.hu\/wp-content\/uploads\/2025\/06\/Laurakicsi-e1750759514525.jpg\" alt=\"\" class=\"wp-image-354\" style=\"width:725px;height:auto\" srcset=\"https:\/\/jeltolmacs-bekes.hu\/wp-content\/uploads\/2025\/06\/Laurakicsi-e1750759514525.jpg 458w, https:\/\/jeltolmacs-bekes.hu\/wp-content\/uploads\/2025\/06\/Laurakicsi-e1750759514525-300x238.jpg 300w\" sizes=\"auto, (max-width: 458px) 100vw, 458px\" \/><\/figure>\n\n\n\n<p class=\"has-text-align-center has-ast-global-color-2-color has-text-color has-link-color has-medium-font-size wp-elements-d38d548e7c0b27ed43ff682ff44fc4cc\"><strong>T\u00f3thn\u00e9 Kiss Laura<\/strong><br>diszp\u00e9cser <\/p>\n<\/div>\n<\/div>\n<\/div>\n\n\n\n<p class=\"has-ast-global-color-2-color has-text-color has-link-color has-medium-font-size wp-elements-7571a15b06932bf8d572e51a5eda11df\"><strong>Fenntart\u00f3:<\/strong><br>Magyar M\u00e1ltai Szeretetszolg\u00e1lat Egyes\u00fclet D\u00e9l-alf\u00f6ldi R\u00e9gi\u00f3k\u00f6zpont<br>C\u00edm: 6000 Kecskem\u00e9t Hoffmann J. u. 11.<br>Tel: 06 30&nbsp;254 3323<br>E-mail: <a href=\"mailto:rigo.orsolya@maltai.hu\">rigo.orsolya@maltai.hu<\/a><\/p>\n","protected":false},"excerpt":{"rendered":"<p>Rumin\u00e9 Niethammer Edinaszakmai vezet\u0151jelnyelvi tolm\u00e1cs Szlauk\u00f3-Fischer N\u00f3rajelnyelvi tolm\u00e1cs T\u00f3thn\u00e9 Kiss Lauradiszp\u00e9cser Fenntart\u00f3:Magyar M\u00e1ltai Szeretetszolg\u00e1lat Egyes\u00fclet D\u00e9l-alf\u00f6ldi R\u00e9gi\u00f3k\u00f6zpontC\u00edm: 6000 Kecskem\u00e9t Hoffmann [&hellip;]<\/p>\n","protected":false},"author":1,"featured_media":0,"parent":0,"menu_order":0,"comment_status":"closed","ping_status":"closed","template":"","meta":{"site-sidebar-layout":"default","site-content-layout":"","ast-site-content-layout":"","site-content-style":"default","site-sidebar-style":"default","ast-global-header-display":"","ast-banner-title-visibility":"","ast-main-header-display":"","ast-hfb-above-header-display":"","ast-hfb-below-header-display":"","ast-hfb-mobile-header-display":"","site-post-title":"","ast-breadcrumbs-content":"","ast-featured-img":"","footer-sml-layout":"","theme-transparent-header-meta":"","adv-header-id-meta":"","stick-header-meta":"","header-above-stick-meta":"","header-main-stick-meta":"","header-below-stick-meta":"","astra-migrate-meta-layouts":"default","ast-page-background-enabled":"default","ast-page-background-meta":{"desktop":{"background-color":"var(--ast-global-color-4)","background-image":"","background-repeat":"repeat","background-position":"center center","background-size":"auto","background-attachment":"scroll","background-type":"","background-media":"","overlay-type":"","overlay-color":"","overlay-opacity":"","overlay-gradient":""},"tablet":{"background-color":"","background-image":"","background-repeat":"repeat","background-position":"center center","background-size":"auto","background-attachment":"scroll","background-type":"","background-media":"","overlay-type":"","overlay-color":"","overlay-opacity":"","overlay-gradient":""},"mobile":{"background-color":"","background-image":"","background-repeat":"repeat","background-position":"center center","background-size":"auto","background-attachment":"scroll","background-type":"","background-media":"","overlay-type":"","overlay-color":"","overlay-opacity":"","overlay-gradient":""}},"ast-content-background-meta":{"desktop":{"background-color":"var(--ast-global-color-5)","background-image":"","background-repeat":"repeat","background-position":"center center","background-size":"auto","background-attachment":"scroll","background-type":"","background-media":"","overlay-type":"","overlay-color":"","overlay-opacity":"","overlay-gradient":""},"tablet":{"background-color":"var(--ast-global-color-5)","background-image":"","background-repeat":"repeat","background-position":"center center","background-size":"auto","background-attachment":"scroll","background-type":"","background-media":"","overlay-type":"","overlay-color":"","overlay-opacity":"","overlay-gradient":""},"mobile":{"background-color":"var(--ast-global-color-5)","background-image":"","background-repeat":"repeat","background-position":"center center","background-size":"auto","background-attachment":"scroll","background-type":"","background-media":"","overlay-type":"","overlay-color":"","overlay-opacity":"","overlay-gradient":""}},"footnotes":""},"class_list":["post-56","page","type-page","status-publish","hentry"],"_links":{"self":[{"href":"https:\/\/jeltolmacs-bekes.hu\/index.php?rest_route=\/wp\/v2\/pages\/56","targetHints":{"allow":["GET"]}}],"collection":[{"href":"https:\/\/jeltolmacs-bekes.hu\/index.php?rest_route=\/wp\/v2\/pages"}],"about":[{"href":"https:\/\/jeltolmacs-bekes.hu\/index.php?rest_route=\/wp\/v2\/types\/page"}],"author":[{"embeddable":true,"href":"https:\/\/jeltolmacs-bekes.hu\/index.php?rest_route=\/wp\/v2\/users\/1"}],"replies":[{"embeddable":true,"href":"https:\/\/jeltolmacs-bekes.hu\/index.php?rest_route=%2Fwp%2Fv2%2Fcomments&post=56"}],"version-history":[{"count":17,"href":"https:\/\/jeltolmacs-bekes.hu\/index.php?rest_route=\/wp\/v2\/pages\/56\/revisions"}],"predecessor-version":[{"id":363,"href":"https:\/\/jeltolmacs-bekes.hu\/index.php?rest_route=\/wp\/v2\/pages\/56\/revisions\/363"}],"wp:attachment":[{"href":"https:\/\/jeltolmacs-bekes.hu\/index.php?rest_route=%2Fwp%2Fv2%2Fmedia&parent=56"}],"curies":[{"name":"wp","href":"https:\/\/api.w.org\/{rel}","templated":true}]}}